{"id":5,"date":"2018-12-07T00:11:15","date_gmt":"2018-12-07T03:11:15","guid":{"rendered":"http:\/\/bocadetoro.com\/reservas\/reservation\/"},"modified":"2018-12-27T22:34:00","modified_gmt":"2018-12-28T01:34:00","slug":"reservation","status":"publish","type":"page","link":"https:\/\/bocadetoro.com\/reservas\/","title":{"rendered":"Reserv\u00e1"},"content":{"rendered":"<!-- ReDi Restaurant Reservation plugin version 24.1209 -->\r\n<!-- Revision: 20241219 -->\r\n<div id=\"cancel-reservation-div\" style=\"display: none\">\r\n\t<h4>\r\n\t\tCancelar reserva\t<\/h4><a href=\"#cancel\" class=\"back-to-reservation cancel-reservation\">\r\n\t\tVolver a la p\u00e1gina de reservas\t<\/a>\r\n\t<br \/>\r\n\t<div id=\"cancel-reservation-form\">\r\n\t\t<form method=\"post\" action=\"?jquery_fail=true\">\r\n\r\n\t\t\t<label for=\"redi-restaurant-cancelID\">\r\n\t\t\t\tN\u00famero de reserva:<span\r\n\t\t\t\t\tclass=\"redi_required\">*<\/span>\r\n\t\t\t<\/label>\r\n\t\t\t<input type=\"text\" name=\"cancelID\" id=\"redi-restaurant-cancelID\" class=\"redi-rest-id\" \/>\r\n\r\n\t\t\t<div class=\"redi-restaurant-hideContent\">\r\n\t\t\t\t<label for=\"cancelPhone-intlTel\">\r\n\t\t\t\t\tTel\u00e9fono:\r\n\t\t\t\t<\/label>\r\n\t\t\t\t<input type=\"text\" value=\"\" name=\"cancelPhone-intlTel\" id=\"cancelPhone-intlTel\" class=\"redi-rest-phone\" \/>\r\n\t\t\t\t<input type=\"hidden\" name=\"redi-restaurant-cancelPhone\" id=\"redi-restaurant-cancelPhone\" \/>\r\n\t\t\t\t<br\/>\r\n\t\t\t<\/div>\r\n\t\t\t<div class=\"redi-restaurant-hideContent\">\r\n\t\t\t\t<label for=\"redi-restaurant-cancelName\">\r\n\t\t\t\t\tNombre:\r\n\t\t\t\t<\/label>\r\n\t\t\t\t<input type=\"text\" name=\"cancelName\" id=\"redi-restaurant-cancelName\" class=\"redi-rest-name\" \/>\r\n\t\t\t<\/div>\r\n\r\n\t\t\t<div class=\"redi-restaurant-hideContent\">\r\n\t\t\t\t<label for=\"redi-restaurant-cancelEmail\">\r\n\t\t\t\t\tCorreo electronico:\r\n\t\t\t\t<\/label>\r\n\t\t\t\t<input type=\"text\" name=\"cancelEmail\" id=\"redi-restaurant-cancelEmail\" class=\"redi-rest-email\" \/>\r\n\t\t\t<\/div>\r\n\r\n\t\t\t<label for=\"redi-restaurant-cancelReason\">\r\n\t\t\t\tRaz\u00f3n:<span class=\"redi_required\">*<\/span>\r\n\t\t\t\t\t\t\t<\/label>\r\n\t\t\t<textarea maxlength=\"250\" rows=\"5\" name=\"cancelEmail\" id=\"redi-restaurant-cancelReason\" class=\"redi-restaurant-cancelReason\" cols=\"20\"><\/textarea>\r\n\r\n\t\t\t<div>\r\n\t\t\t\t<input class=\"redi-restaurant-button\" type=\"submit\" id=\"redi-restaurant-cancel\" name=\"action\"\r\n\t\t\t\t\tvalue=\"Cancelar reserva\">\r\n\t\t\t<\/div>\r\n\r\n\t\t\t<img id=\"cancel-load\" style=\"display: none;\"\r\n\t\t\t\tsrc=\"https:\/\/bocadetoro.com\/reservas\/wp-content\/plugins\/redi-restaurant-reservation\/img\/ajax-loader.gif\" alt=\"\" \/>\r\n\t\t<\/form>\r\n\t<\/div>\r\n\t<div id=\"cancel-errors\" style=\"display: none;\" class=\"redi-reservation-alert-error redi-reservation-alert\"><\/div>\r\n\t<div id=\"cancel-success\" style=\"display: none;\" class=\"redi-reservation-alert-success redi-reservation-alert\">\r\n\t\t<strong>\r\n\t\t\tLa reserva ha sido cancelada con \u00e9xito.\t\t<\/strong>\r\n\t<\/div>\r\n<\/div><div id=\"modify-reservation-div\" style=\"display: none\">\r\n    <h4>Modificar reserva<\/h4>\r\n    <a href=\"#modify\" class=\"back-to-reservation modify-reservation\">Volver a la p\u00e1gina de reservas<\/a>\r\n\t<div id=\"modify-reservation-form\">\r\n\t\t<form method=\"post\" action=\"?jquery_fail=true\">\r\n\t\t\t<label for=\"redi-restaurant-modifyID\">N\u00famero de reserva:<span class=\"redi_required\"> *<\/span><\/label>\r\n\t\t\t<input type=\"text\" name=\"modifyID\" id=\"redi-restaurant-modifyID\"\/>\r\n\t\t\t<label for=\"modifyPhone-intlTel\">Tel\u00e9fono:<\/label>\r\n\t\t\t<input type=\"text\" value=\"\" name=\"modifyPhone-intlTel\" id=\"modifyPhone-intlTel\">\r\n\t\t\t<input type=\"hidden\" name=\"redi-restaurant-modifyPhone\" id=\"redi-restaurant-modifyPhone\"\/>\r\n\t\t\t<label for=\"redi-restaurant-modifyName\">Nombre:<\/label>\r\n\t\t\t<input type=\"text\" name=\"modifyName\" id=\"redi-restaurant-modifyName\"\/>\r\n\t\t\t<label for=\"redi-restaurant-modifyEmail\">Correo electronico:<\/label>\r\n\t\t\t<input type=\"text\" name=\"modifyEmail\" id=\"redi-restaurant-modifyEmail\"\/>\r\n            <input class=\"redi-restaurant-button\" type=\"submit\" id=\"redi-restaurant-modify\" name=\"action\" value=\"Encuentra reserva\">\r\n            <img decoding=\"async\" id=\"modify-load\" style=\"display: none;\" src=\"https:\/\/bocadetoro.com\/reservas\/wp-content\/plugins\/redi-restaurant-reservation\/img\/ajax-loader.gif\" alt=\"\"\/>\r\n\t\t<\/form>\r\n\t<\/div>\r\n    <div id=\"modify-errors\" style=\"display: none;\" class=\"redi-reservation-alert-error redi-reservation-alert\"><\/div>\r\n<\/div>\r\n\r\n<div id=\"update-reservation-div\" style=\"display: none\">\r\n    <h4>Actualizar reserva<\/h4>\r\n    <a href=\"#modify\" class=\"back-to-reservation modify-reservation\">Volver a la p\u00e1gina de reservas<\/a>\r\n\t<br\/>\r\n\t<div id=\"update-reservation-form\">\r\n\t\t<form method=\"post\" action=\"?jquery_fail=true\">\t\t\r\n\t\t\t<p>Fecha: <span class=\"redi-modify-date\" id=\"updateDateFrom\"><\/span><\/p>\r\n\t\t\t<p>Hora: <span class=\"redi-modify-time\" id=\"updateTimeFrom\"><\/span><\/p>\r\n\t\t\t<p>\r\n\t\t\t\t<label for=\"updatePersons\">\r\n\t\t\t\t\tPersonas:\r\n\t\t\t\t<\/label>\r\n\t\t\t\t<select name=\"updatePersons\" id=\"updatePersons\" class=\"redi-reservation-select\">\r\n\t\t\t\t\t\t\t\t\t\t\t<option value=\"1\" >\r\n\t\t\t\t\t\t\t1\t\t\t\t\t\t<\/option>\r\n\t\t\t\t\t\t\t\t\t\t\t<option value=\"2\" >\r\n\t\t\t\t\t\t\t2\t\t\t\t\t\t<\/option>\r\n\t\t\t\t\t\t\t\t\t\t\t<option value=\"3\" >\r\n\t\t\t\t\t\t\t3\t\t\t\t\t\t<\/option>\r\n\t\t\t\t\t\t\t\t\t\t\t<option value=\"4\" >\r\n\t\t\t\t\t\t\t4\t\t\t\t\t\t<\/option>\r\n\t\t\t\t\t\t\t\t\t\t\t<option value=\"5\" >\r\n\t\t\t\t\t\t\t5\t\t\t\t\t\t<\/option>\r\n\t\t\t\t\t\t\t\t\t\t\t<option value=\"6\" >\r\n\t\t\t\t\t\t\t6\t\t\t\t\t\t<\/option>\r\n\t\t\t\t\t\t\t\t\t<\/select>\r\n\t\t\t<\/p>\r\n\t\t\t<div>\r\n\t\t\t\t<label for=\"updateUserName\">Nombre:<span class=\"redi_required\"> *<\/span><\/label>\r\n\t\t\t\t<input type=\"text\" value=\"\" name=\"updateUserName\" id=\"updateUserName\">\r\n\t\t\t<\/div>\r\n\t\t\t<div>\r\n\t\t\t\t<label for=\"updateUserPhone-intlTel\">Tel\u00e9fono:<span class=\"redi_required\"> *<\/span><\/label>\t\t\r\n\t\t\t\t<input type=\"text\" value=\"\" name=\"updateUserPhone-intlTel\" id=\"updateUserPhone-intlTel\">\r\n\t\t\t\t<div>\r\n\t\t\t\t\t<input type=\"hidden\" value=\"\" name=\"updateUserPhone\" id=\"updateUserPhone\">\r\n\t\t\t\t<\/div>\r\n\t\t\t<\/div>\r\n\t\t\t<div>\r\n\t\t\t\t<label for=\"updateUserEmail\">Correo electronico:<span class=\"redi_required\"> *<\/span><\/label>\r\n\t\t\t\t<input type=\"text\" value=\"\" name=\"updateUserEmail\" id=\"updateUserEmail\" >\r\n\t\t\t<\/div>\r\n\t\t\t<div>\r\n\t\t\t\t<label for=\"updateUserComments\">Comentario:<\/label>\r\n\t\t\t\t<textarea maxlength=\"250\" rows=\"5\" name=\"updateUserComments\" id=\"updateUserComments\" cols=\"20\" class=\"UserComments\"><\/textarea>\r\n\t\t\t<\/div>\r\n\t\t\t<input type=\"hidden\" value=\"\" name=\"redi-restaurant-updateID\" id=\"redi-restaurant-updateID\">\r\n\t\t\t<input type=\"hidden\" value=\"\" name=\"updateTo\" id=\"updateTo\">\r\n\t\t\t<input type=\"hidden\" value=\"\" name=\"updateFrom\" id=\"updateFrom\">\r\n\t\t\t<input type=\"hidden\" value=\"\" name=\"updatePlaceReferenceId\" id=\"updatePlaceReferenceId\">\t\t\r\n\t\t\t<input class=\"redi-restaurant-button\" type=\"submit\" id=\"redi-restaurant-update\" name=\"action\" value=\"Actualizar reserva\">\r\n\t\t\t<img decoding=\"async\" id=\"update-load\" style=\"display: none;\" src=\"https:\/\/bocadetoro.com\/reservas\/wp-content\/plugins\/redi-restaurant-reservation\/img\/ajax-loader.gif\" alt=\"\"\/>\r\n\t\t<\/form>\r\n\t<\/div>\r\n\t<div id=\"update-errors\" style=\"display: none;\" class=\"redi-reservation-alert-error redi-reservation-alert\"><\/div>\r\n    <div id=\"update-success\" style=\"display: none;\" class=\"redi-reservation-alert-success redi-reservation-alert\">\r\n\t\t<strong>\r\n\t\t\tReservation has been successfully updated.\t\t<\/strong>\r\n\t<\/div>\t\r\n<\/div><script type=\"text\/javascript\">var plugin_name='ReDi Restaurant Reservation version 24.1209';var displayLeftSeats = 0;\r\n\r\nvar redirect_to_confirmation_page = '';var timepicker = 'dropdown';var date_format = 'dd\/mm\/yy';var timepicker_time_format ='h:mm tt';var locale = 'es_AR';var datepicker_locale = 'es'; var timeshiftmode = 'normal'; var hidesteps = 0; var apikeyid = '0'; var waitlist='0'; var maxDate = new Date();maxDate.setFullYear(maxDate.getFullYear() + 1); var min_persons='1'; var max_persons = '6'; var large_group_message = '';  <\/script>\r\n\r\n\r\n<form id=\"redi-reservation\" name=\"redi-reservation\" method=\"post\" action=\"?jquery_fail=true\">\r\n\t\t\t\r\n\t<div id=\"step1\">\r\n\t\t\r\n\t\t            <div class=\"rowLeft\">\r\n            <h4>\r\n\t\t\t\tPaso 1: Seleccionar detalles...\r\n\t\t\t<\/h4>\r\n\t<\/div>\r\n\r\n\t\r\n            <input type=\"hidden\" id=\"placeID\" name=\"placeID\" value=\"22814\"\/>\r\n         \r\n\t\t <label for=\"persons\">\r\n\t\tInvitados:<span class=\"redi_required\"> *<\/span><\/label>\r\n\t\t<select name=\"persons\" id=\"persons\" class=\"redi-reservation-select\">\r\n\t\t\t\t<option value=\"0\" selected=\"selected\">\r\n\t\t\t\t\tNum. Invitados                <\/option>\r\n\t\t\t\t\t\t\t<option value=\"1\" >\r\n                    1                <\/option>\r\n\t\t\t\t\t\t\t<option value=\"2\" >\r\n                    2                <\/option>\r\n\t\t\t\t\t\t\t<option value=\"3\" >\r\n                    3                <\/option>\r\n\t\t\t\t\t\t\t<option value=\"4\" >\r\n                    4                <\/option>\r\n\t\t\t\t\t\t\t<option value=\"5\" >\r\n                    5                <\/option>\r\n\t\t\t\t\t\t\t<option value=\"6\" >\r\n                    6                <\/option>\r\n\t\t\t            \t\t<\/select>\r\n\r\n\t\t\r\n\t\t<div id='redi-date-block' style=\"display: none;\">\r\n\t\t<label for=\"redi-restaurant-startDate\">Fecha:<span class=\"redi_required\"> *<\/span><\/label>\r\n\t\t\t\t<input type=\"text\" name=\"startDate\" id=\"redi-restaurant-startDate\" style=\"display: none;\"\/>\r\n\t\t\t\t<img decoding=\"async\" id=\"date_info_load\" style=\"display: none;\" src=\"https:\/\/bocadetoro.com\/reservas\/wp-content\/plugins\/redi-restaurant-reservation\/img\/ajax-loader.gif\" alt=\"\"\/>\r\n\t\t<input id=\"redi-restaurant-startDateISO\" type=\"hidden\" value=\"2026-04-17\" name=\"startDateISO\"\/>\r\n\t\t<\/div>\r\n\r\n\t\t        <label for=\"redi-restaurant-startHour\">Hora:<span class=\"redi_required\"> *<\/span><\/label>\r\n\t\t\t\t\t<select id=\"redi-restaurant-startHour\" class=\"redi-reservation-select\">\r\n\t\t\t\t\t\t\t\t\t<option value=\"0\" >12 am<\/option>\r\n\t\t\t\t\t\t\t\t\t<option value=\"1\" >1 am<\/option>\r\n\t\t\t\t\t\t\t\t\t<option value=\"2\" >2 am<\/option>\r\n\t\t\t\t\t\t\t\t\t<option value=\"3\" >3 am<\/option>\r\n\t\t\t\t\t\t\t\t\t<option value=\"4\" >4 am<\/option>\r\n\t\t\t\t\t\t\t\t\t<option value=\"5\" >5 am<\/option>\r\n\t\t\t\t\t\t\t\t\t<option value=\"6\" >6 am<\/option>\r\n\t\t\t\t\t\t\t\t\t<option value=\"7\" >7 am<\/option>\r\n\t\t\t\t\t\t\t\t\t<option value=\"8\" >8 am<\/option>\r\n\t\t\t\t\t\t\t\t\t<option value=\"9\" selected=\"selected\">9 am<\/option>\r\n\t\t\t\t\t\t\t\t\t<option value=\"10\" >10 am<\/option>\r\n\t\t\t\t\t\t\t\t\t<option value=\"11\" >11 am<\/option>\r\n\t\t\t\t\t\t\t\t\t<option value=\"12\" >12 pm<\/option>\r\n\t\t\t\t\t\t\t\t\t<option value=\"13\" >1 pm<\/option>\r\n\t\t\t\t\t\t\t\t\t<option value=\"14\" >2 pm<\/option>\r\n\t\t\t\t\t\t\t\t\t<option value=\"15\" >3 pm<\/option>\r\n\t\t\t\t\t\t\t\t\t<option value=\"16\" >4 pm<\/option>\r\n\t\t\t\t\t\t\t\t\t<option value=\"17\" >5 pm<\/option>\r\n\t\t\t\t\t\t\t\t\t<option value=\"18\" >6 pm<\/option>\r\n\t\t\t\t\t\t\t\t\t<option value=\"19\" >7 pm<\/option>\r\n\t\t\t\t\t\t\t\t\t<option value=\"20\" >8 pm<\/option>\r\n\t\t\t\t\t\t\t\t\t<option value=\"21\" >9 pm<\/option>\r\n\t\t\t\t\t\t\t\t\t<option value=\"22\" >10 pm<\/option>\r\n\t\t\t\t\t\t\t\t\t<option value=\"23\" >11 pm<\/option>\r\n\t\t\t\t\t\t\t<\/select>&nbsp;:&nbsp;<select id=\"redi-restaurant-startMinute\" class=\"redi-reservation-select\">\r\n\t\t\t\t\t\t\t\t\t<option value=\"00\">00<\/option>\r\n\t\t\t\t\t\t\t\t\t<option value=\"15\">15<\/option>\r\n\t\t\t\t\t\t\t\t\t<option value=\"30\">30<\/option>\r\n\t\t\t\t\t\t\t\t\t<option value=\"45\">45<\/option>\r\n\t\t\t\t\t\t\t<\/select>\r\n\t\t\t<input id=\"redi-restaurant-startTime-alt\" type=\"hidden\" value=\"09:00\" name=\"startTime\"\/>\r\n\t\t\t\t\t\t\r\n\t\t\r\n\t\t\t\t\t\t\t  \r\n\t  \t\t<input type=\"hidden\" id=\"duration\" value=\"30\"\/>\r\n \r\n\t\t\t\t\t\t\t<div class=\"redi-restaurant-button-wrapper\">\r\n\t\t        \t\t\t\t\t<input class=\"redi-restaurant-button\" id=\"step1button\"style=\"display:none;\" type=\"submit\" value=\"Comprobar disponibilidad\" name=\"submit\">\r\n\t\t        \t\t    <\/div>\r\n\t\t        <div id=\"large_groups_message\" style=\"display: none;\" class=\"redi-reservation-alert-info redi-reservation-alert\"><\/div>\r\n\r\n\t\t<div>\r\n\t\t\t<img decoding=\"async\" id=\"step1load\" style=\"display: none;\" src=\"https:\/\/bocadetoro.com\/reservas\/wp-content\/plugins\/redi-restaurant-reservation\/img\/ajax-loader.gif\" alt=\"\"\/>\r\n\t\t<\/div>\r\n\r\n\t\t\r\n\t<\/div>\r\n\t\t\r\n\t\t<div id=\"step1busy\" style=\"display: none;\" class=\"redi-reservation-alert-error redi-reservation-alert\">\r\n\t\t\tLa reserva no est\u00e1 disponible el d\u00eda seleccionado. Por favor seleccione otro d\u00eda.\t\t\t\t\t<\/div>\r\n\t\t<div id=\"step1errors\" style=\"display: none;\" class=\"redi-reservation-alert-error redi-reservation-alert\">\r\n\t\t\t\t<\/div>\r\n\r\n\t<div id=\"step2\" style=\"display: none\" >\r\n\r\n\t\t            <h4>\r\n\t\t\t\tPaso 2: Seleccionar tiempo disponible\t\t\t<\/h4>\r\n\t\t\t\t\r\n\t\t\t\t<div id=\"buttons\" class=\"buttons-wrapper\"><\/div>\r\n\t\t<input type=\"hidden\" id=\"redi-restaurant-startTimeHidden\" value=\"\"\/>\r\n\t\t<input type=\"hidden\" id=\"redi-restaurant-duration\" value=\"\"\/>\r\n        <img decoding=\"async\" id=\"step2load\" style=\"display: none;\" src=\"https:\/\/bocadetoro.com\/reservas\/wp-content\/plugins\/redi-restaurant-reservation\/img\/ajax-loader.gif\" alt=\"\"\/>\r\n        <div id=\"step2errors\" style=\"display: none;\" class=\"redi-reservation-alert-error redi-reservation-alert\"><\/div>\r\n\r\n\t\t\t\t<div style=\"clear:both\"><\/div>\r\n\t<\/div>\r\n\r\n\t<div id=\"step3\" style=\"display: none;\">\r\n        <h4>\r\n\t\t\tPaso 3: Proporcione m\u00e1s detalles de la reserva...\t\t<\/h4>\r\n        <div id=\"redi-form-fields-container\">\r\n        <div data-display-order=\"-49\" id=\"returned_user\" style=\"display:none\">\r\n            <div>\r\n                <a id=\"notyou\" href=\"\" style=\"float: right;\"> Cambiar detalles<\/a>\r\n            <\/div>\r\n            <div>\r\n                <div>Nombre:<\/div><br\/><br\/>\r\n            <\/div>\r\n            <div>\r\n                <div>Tel\u00e9fono:<\/div><br\/><br\/>\r\n            <\/div>\r\n            <div>\r\n                <div>Correo electronico:<\/div><br\/><br\/>\r\n            <\/div>\r\n        <\/div>\t\r\n        <div id=\"name_phone_email_form\" >\r\n\r\n\t\t\t<div data-display-order=\"-39\">\r\n\r\n\t\t\t\t\t\t\t\t<label for=\"UserName\">Nombre:<span class=\"redi_required\"> *<\/span>\r\n\t\t\t\t<\/label>\r\n\t\t\t\t\t\t\t\t<input type=\"text\" value=\"\" name=\"UserName\" id=\"UserName\" autocomplete=\"name\" >\r\n\t\t\t<\/div>\r\n\t\t\t\t\t\t<div data-display-order=\"-19\">\r\n\t\t\t\t<label for=\"intlTel\">Tel\u00e9fono:<span class=\"redi_required\"> *<\/span><\/label>\r\n\t\t\t\t<input type=\"text\" value=\"\" name=\"intlTel\" id=\"intlTel\">\r\n\t\t\t<\/div>\r\n\t\t\t<div>\t\t\r\n\t\t\t\t<input type=\"hidden\" value=\"\" name=\"UserPhone\" id=\"UserPhone\">\r\n\t\t\t<\/div>\r\n\t\t\t<div data-display-order=\"-9\">\r\n\t\t\t\t<label for=\"UserEmail\">Correo electronico:<span class=\"redi_required\"> *<\/span>\r\n\t\t\t\t<\/label>\r\n\t\t\t\t<input type=\"text\" value=\"\" name=\"UserEmail\" id=\"UserEmail\" autocomplete=\"email\" >\r\n\t\t\t<\/div>\r\n\t\t<\/div>\r\n\r\n\t\t<!-- custom fields -->\r\n\t\t<img decoding=\"async\" id=\"RediCustomFields\" style=\"display: none;\" src=\"https:\/\/bocadetoro.com\/reservas\/wp-content\/plugins\/redi-restaurant-reservation\/img\/ajax-loader.gif\" alt=\"\"\/>\r\n\t\t<div id=\"custom_fields_container\"><\/div>\t\t\r\n\t\t<!-- \/custom fields -->     \r\n\t\t\r\n\t\t<div data-display-order=\"50\">\r\n\t\t\t<label for=\"UserComments\">\r\n\t\t\t\tComentario:\r\n\t\t\t<\/label>\r\n\t\t\t<textarea maxlength=\"250\" rows=\"5\" name=\"UserComments\" id=\"UserComments\" cols=\"20\" class=\"UserComments\"><\/textarea>\r\n\t\t<\/div>\r\n\t\t<\/div>\r\n\r\n\t\t\r\n\t\t<div>\r\n\t\t\t\t\t\t<input class=\"redi-restaurant-button button\" type=\"submit\" id=\"redi-restaurant-step3\" name=\"action\" value=\"Make a reservation request\">\r\n\t\t\t<img decoding=\"async\" id=\"step3load\" style=\"display: none;\" src=\"https:\/\/bocadetoro.com\/reservas\/wp-content\/plugins\/redi-restaurant-reservation\/img\/ajax-loader.gif\" alt=\"\"\/>\r\n\t\t<\/div>\r\n\t\t<div id=\"step3errors\" style=\"display: none;\" class=\"redi-reservation-alert-error redi-reservation-alert\"><\/div>\r\n\t<\/div>\r\n\t<div id=\"step4\" style=\"display: none;\" class=\"redi-reservation-alert-success redi-reservation-alert\">\r\n\t\t<h4><strong>\r\n\t\t\tThank you for your reservation request.\t\t<\/strong>\r\n        <\/h4>\r\n        <div>\r\n\t\t\t\t\tWe wish to inform you that your booking request has been received. We are\u00a0checking availability and will get back to you as soon as possible. Please wait confirmation of your reservation.\t\t        <\/div>\r\n        <br\/>\r\n        Your reservation request number for reference: <span id=\"reservation-id\" style=\"font-weight: bold\"><\/span>\r\n    <\/div>\r\n\t\r\n\t\t<div id=\"step2busy\" style=\"display: none;\" class=\"not-waitlist redi-reservation-alert-error redi-reservation-alert\">\r\n\t\t\tLa reserva no est\u00e1 disponible el d\u00eda seleccionado. Por favor seleccione otro d\u00eda.\t\t<\/div>\r\n\r\n\t<\/form>\r\n    <form class=\"userfeedback\" action=\"#\" style=\"display: none;\">\r\n    \t<div id=\"errors\" style=\"display: none;\" class=\"redi-reservation-alert-error redi-reservation-alert\"><\/div>\r\n    \t<div id=\"sucess\" style=\"display: none;\" class=\"redi-reservation-alert-success redi-reservation-alert\"><\/div>\r\n    \t<div class=\"field_row\">\r\n    \t\t<span>Rate your reservation experience<\/span>\r\n    \t\t<div class=\"radio\">\r\n\t\t\t  \t<label>\r\n\t\t\t\t    <input type=\"radio\" name=\"stars\" value=\"1\" \/>\r\n\t\t\t\t    <span class=\"icon\">\u2605<\/span>\r\n\t\t\t  \t<\/label>\r\n\t\t\t  \t<label>\r\n\t\t\t\t    <input type=\"radio\" name=\"stars\" value=\"2\" \/>\r\n\t\t\t\t    <span class=\"icon\">\u2605<\/span>\r\n\t\t\t\t    <span class=\"icon\">\u2605<\/span>\r\n\t\t\t  \t<\/label>\r\n\t\t\t  \t<label>\r\n\t\t\t\t    <input type=\"radio\" name=\"stars\" value=\"3\" \/>\r\n\t\t\t\t    <span class=\"icon\">\u2605<\/span>\r\n\t\t\t\t    <span class=\"icon\">\u2605<\/span>\r\n\t\t\t\t    <span class=\"icon\">\u2605<\/span>   \r\n\t\t\t\t<\/label>\r\n\t\t\t\t<label>\r\n\t\t\t    \t<input type=\"radio\" name=\"stars\" value=\"4\" \/>\r\n\t\t\t\t    <span class=\"icon\">\u2605<\/span>\r\n\t\t\t\t    <span class=\"icon\">\u2605<\/span>\r\n\t\t\t\t    <span class=\"icon\">\u2605<\/span>\r\n\t\t\t\t    <span class=\"icon\">\u2605<\/span>\r\n\t\t\t  \t<\/label>\r\n\t\t\t  \t<label>\r\n\t\t\t\t    <input type=\"radio\" name=\"stars\" value=\"5\" checked\/>\r\n\t\t\t\t    <span class=\"icon\">\u2605<\/span>\r\n\t\t\t\t    <span class=\"icon\">\u2605<\/span>\r\n\t\t\t\t    <span class=\"icon\">\u2605<\/span>\r\n\t\t\t\t    <span class=\"icon\">\u2605<\/span>\r\n\t\t\t\t    <span class=\"icon\">\u2605<\/span>\r\n\t\t\t  \t<\/label>\r\n\t\t\t<\/div>\r\n\t\t<\/div>\r\n\t  \t<div class=\"field_row\">\r\n\t  \t\t<span>What we can do better?<span class=\"req_start\"><\/span><\/span>\r\n\t  \t\t<div>\r\n\t\t\t\t<textarea name=\"comment\"><\/textarea>\r\n\t\t\t<\/div>\r\n\t  \t<\/div>\r\n\t  \t<div class=\"field_row\">\r\n\t  \t\t<input type=\"submit\" name=\"submit\" value=\"Send\">\r\n\t  \t<\/div>\r\n\t<\/form>\r\n<div class=\"waitlist-form\" style=\"display: none;\">\r\n\t<h4>Lista de espera<\/h4>\r\n\t\t<form name=\"redi-waitlist-form\" id=\"redi-waitlist-form\" action=\"POST\">\r\n\t\t\t<input type=\"hidden\" id=\"waitlist-placeID\" name=\"placeID\" value=\"22814\"\/>\r\n\t\t \t<div>\r\n\t\t \t\t<label for=\"redi-restaurant-startDate\">Fecha: <b><span id=\"waitlist-startDate-label\"><\/span><\/b><\/label>\r\n\t\t\t\t<input type=\"hidden\" value=\"17\/04\/2026\" name=\"waitlist-startDate\" id=\"redi-waitlist-startDate\"\/>\r\n\t\t \t<\/div>\r\n\t\t \t<div>\r\n\t\t \t\t<label for=\"waitlist-persons\">\r\n\t\t\t\tPersonas: <b><span id=\"waitlist-persons-label\"><\/span><\/b><\/label>\r\n\t\t\t\t<input type=\"hidden\" name=\"waitlist-persons\" id=\"waitlist-persons\">\r\n\t\t \t<\/div>\r\n\t\t \t<div>\r\n\t\t \t\t<label for=\"waitlist-Time\">\r\n\t\t\t\tTiempo preferido:<\/label>\r\n\t\t\t\t<input type=\"text\" value=\"\" name=\"waitlist-Time\" id=\"waitlist-Time\">\r\n\t\t \t<\/div>\r\n\t\t    <div>\r\n\t\t        <label for=\"waitlist-UserName\">Nombre:<span class=\"redi_required\"> *<\/span>\r\n\t\t        <\/label>\r\n\t\t        <input type=\"text\" value=\"\" name=\"waitlist-UserName\" id=\"waitlist-UserName\" autocomplete=\"name\">\r\n\t\t    <\/div>\r\n\t\t    <div>\r\n\t\t        <label for=\"waitlist-UserEmail\">Correo electronico:<span class=\"redi_required\"> *<\/span>\r\n\t\t        <\/label>\r\n\t\t        <input type=\"text\" value=\"\" name=\"waitlist-UserEmail\" id=\"waitlist-UserEmail\" autocomplete=\"email\">\r\n\t\t    <\/div>\r\n\t\t    <div>\r\n\t\t        <label for=\"waitlist-intlTel\">Tel\u00e9fono:<span class=\"redi_required\"> *<\/span><\/label>\r\n\t\t\t\t<input type=\"text\" value=\"\" name=\"waitlist-intlTel\" id=\"waitlist-intlTel\">\r\n\t\t\t\t<div>\r\n\t\t\t\t\t<input type=\"hidden\" value=\"\" name=\"waitlist-UserPhone\" id=\"waitlist-UserPhone\">\r\n\t\t\t\t<\/div>\r\n\t\t\t<\/div>\r\n\r\n\t\t\t<!-- custom fields -->\r\n\t\t\t\t\t\t<!-- \/custom fields -->        \r\n\r\n\r\n\t\t\t<div>\r\n\t\t    \t<input class=\"redi-restaurant-button button\" type=\"submit\" id=\"redi-waitlist-submit\" name=\"action\" value=\"Reg\u00edstrese en la lista de espera\">\r\n\t\t    <\/div>\t\t\t\r\n\t\t<\/form>\r\n\t\t<div>\r\n\t\t\t<img decoding=\"async\" id=\"waitlistload\" style=\"display: none;\" src=\"https:\/\/bocadetoro.com\/reservas\/wp-content\/plugins\/redi-restaurant-reservation\/img\/ajax-loader.gif\" alt=\"\"\/>\r\n\t\t<\/div>\r\n\t\t<div id=\"wait-list-error\" style=\"display: none;\" class=\"redi-reservation-alert-error redi-reservation-alert\">\r\n\t\t<\/div>\r\n\t\t<div id=\"wait-list-success\" style=\"display: none;\" class=\"redi-reservation-alert-success redi-reservation-alert\">\r\n\t\t\tSu informaci\u00f3n se ha guardado correctamente y se le notificar\u00e1 una vez que haya asientos disponibles para la fecha solicitada.\t\t\t\r\n\t    <\/div>\r\n<\/div>\r\n\r\n\n","protected":false},"excerpt":{"rendered":"","protected":false},"author":2,"featured_media":0,"parent":0,"menu_order":0,"comment_status":"closed","ping_status":"closed","template":"","meta":{"footnotes":""},"class_list":["post-5","page","type-page","status-publish","hentry"],"_links":{"self":[{"href":"https:\/\/bocadetoro.com\/reservas\/wp-json\/wp\/v2\/pages\/5","targetHints":{"allow":["GET"]}}],"collection":[{"href":"https:\/\/bocadetoro.com\/reservas\/wp-json\/wp\/v2\/pages"}],"about":[{"href":"https:\/\/bocadetoro.com\/reservas\/wp-json\/wp\/v2\/types\/page"}],"author":[{"embeddable":true,"href":"https:\/\/bocadetoro.com\/reservas\/wp-json\/wp\/v2\/users\/2"}],"replies":[{"embeddable":true,"href":"https:\/\/bocadetoro.com\/reservas\/wp-json\/wp\/v2\/comments?post=5"}],"version-history":[{"count":2,"href":"https:\/\/bocadetoro.com\/reservas\/wp-json\/wp\/v2\/pages\/5\/revisions"}],"predecessor-version":[{"id":28,"href":"https:\/\/bocadetoro.com\/reservas\/wp-json\/wp\/v2\/pages\/5\/revisions\/28"}],"wp:attachment":[{"href":"https:\/\/bocadetoro.com\/reservas\/wp-json\/wp\/v2\/media?parent=5"}],"curies":[{"name":"wp","href":"https:\/\/api.w.org\/{rel}","templated":true}]}}